{"id":462,"date":"2025-10-20T08:08:46","date_gmt":"2025-10-20T08:08:46","guid":{"rendered":"https:\/\/mintnguyen.space\/?page_id=462"},"modified":"2025-10-20T08:08:47","modified_gmt":"2025-10-20T08:08:47","slug":"about","status":"publish","type":"page","link":"https:\/\/mintnguyen.space\/fr\/about\/","title":{"rendered":"\u00c0 propos"},"content":{"rendered":"<div class=\"wp-block-group alignfull has-global-padding is-layout-constrained wp-block-group-is-layout-constrained\" style=\"margin-top:0;margin-bottom:0;padding-top:var(--wp--preset--spacing--70);padding-bottom:var(--wp--preset--spacing--70)\">\n<div class=\"wp-block-columns alignwide is-layout-flex wp-container-core-columns-is-layout-fa584acd wp-block-columns-is-layout-flex\">\n<div class=\"wp-block-column is-vertically-aligned-center is-layout-flow wp-block-column-is-layout-flow\">\n<h2 class=\"wp-block-heading has-xx-large-font-size\">Bonjour !<\/h2>\n\n\n\n<p class=\"has-medium-font-size\">Moi c'est Ha, designer \u00e0 la crois\u00e9e du marketing et de la cr\u00e9ativit\u00e9.<\/p>\n\n\n\n<p class=\"has-medium-font-size\">Je con\u00e7ois des visuels qui aident les marques \u00e0 communiquer avec clart\u00e9, coh\u00e9rence et personnalit\u00e9.<\/p>\n\n\n\n<p class=\"has-medium-font-size\">Forte de plusieurs ann\u00e9es d'exp\u00e9rience en communication marketing et en graphisme, je cr\u00e9e des supports visuels pour vos campagnes marketing, des \u00e9v\u00e9nements physiques aux contenus digitaux. Je d\u00e9veloppe \u00e9galement des projets d'illustration et de motion design qui apportent narration et \u00e9motion \u00e0 la communication de votre marque.<\/p>\n\n\n\n<p class=\"has-medium-font-size\">Au-del\u00e0 du design, je suis une fi\u00e8re maman de chats \ud83d\udc3e qui aime peindre, tricoter, nager et d\u00e9couvrir de nouveaux caf\u00e9s pour trouver l'inspiration.<\/p>\n\n\n\n<p class=\"has-medium-font-size\">Vous souhaitez \u00e9changer sur un projet ou en savoir plus sur mes services ?<br><a href=\"https:\/\/mintnguyen.space\/fr\/contact\/\">\u00c9crivez-moi par ici<\/a><\/p>\n<\/div>\n\n\n\n<div class=\"wp-block-column is-vertically-aligned-center is-layout-flow wp-block-column-is-layout-flow\">\n<figure class=\"wp-block-image size-full\"><img loading=\"lazy\" decoding=\"async\" width=\"1944\" height=\"1944\" src=\"https:\/\/i0.wp.com\/mintnguyen.space\/wp-content\/uploads\/2025\/10\/Profile-picture-2.jpg?fit=1944%2C1944&amp;ssl=1\" alt=\"\" class=\"wp-image-507\" style=\"aspect-ratio:1;object-fit:cover\" srcset=\"https:\/\/i0.wp.com\/mintnguyen.space\/wp-content\/uploads\/2025\/10\/Profile-picture-2.jpg?w=1944&amp;ssl=1 1944w, https:\/\/i0.wp.com\/mintnguyen.space\/wp-content\/uploads\/2025\/10\/Profile-picture-2.jpg?resize=300%2C300&amp;ssl=1 300w, https:\/\/i0.wp.com\/mintnguyen.space\/wp-content\/uploads\/2025\/10\/Profile-picture-2.jpg?resize=1024%2C1024&amp;ssl=1 1024w, https:\/\/i0.wp.com\/mintnguyen.space\/wp-content\/uploads\/2025\/10\/Profile-picture-2.jpg?resize=150%2C150&amp;ssl=1 150w, https:\/\/i0.wp.com\/mintnguyen.space\/wp-content\/uploads\/2025\/10\/Profile-picture-2.jpg?resize=768%2C768&amp;ssl=1 768w, https:\/\/i0.wp.com\/mintnguyen.space\/wp-content\/uploads\/2025\/10\/Profile-picture-2.jpg?resize=1536%2C1536&amp;ssl=1 1536w, https:\/\/i0.wp.com\/mintnguyen.space\/wp-content\/uploads\/2025\/10\/Profile-picture-2.jpg?resize=12%2C12&amp;ssl=1 12w, https:\/\/i0.wp.com\/mintnguyen.space\/wp-content\/uploads\/2025\/10\/Profile-picture-2.jpg?resize=500%2C500&amp;ssl=1 500w, https:\/\/i0.wp.com\/mintnguyen.space\/wp-content\/uploads\/2025\/10\/Profile-picture-2.jpg?resize=800%2C800&amp;ssl=1 800w, https:\/\/i0.wp.com\/mintnguyen.space\/wp-content\/uploads\/2025\/10\/Profile-picture-2.jpg?resize=1280%2C1280&amp;ssl=1 1280w, https:\/\/i0.wp.com\/mintnguyen.space\/wp-content\/uploads\/2025\/10\/Profile-picture-2.jpg?resize=1920%2C1920&amp;ssl=1 1920w\" sizes=\"auto, (max-width: 1000px) 100vw, 1000px\" \/><\/figure>\n<\/div>\n<\/div>\n<\/div>","protected":false},"excerpt":{"rendered":"<p>Hello! I\u2019m Ha Nguyen, a designer who bridges marketing and creativity. I craft visuals that help brands communicate with clarity, consistency, and personality. With a background in marketing communication and graphic design, I create visual materials for marketing campaigns, from physical events to digital contents. I also develop illustration and motion design projects that bring [&hellip;]<\/p>\n","protected":false},"author":1,"featured_media":0,"parent":0,"menu_order":0,"comment_status":"closed","ping_status":"closed","template":"page-no-title","meta":{"nf_dc_page":"","_vp_format_video_url":"","_vp_image_focal_point":[],"footnotes":""},"class_list":["post-462","page","type-page","status-publish","hentry"],"yoast_head":"<!-- This site is optimized with the Yoast SEO plugin v27.3 - https:\/\/yoast.com\/product\/yoast-seo-wordpress\/ -->\n<title>About - Mint Nguyen<\/title>\n<meta name=\"robots\" content=\"index, follow, max-snippet:-1, max-image-preview:large, max-video-preview:-1\" \/>\n<link rel=\"canonical\" href=\"https:\/\/mintnguyen.space\/fr\/about\/\" \/>\n<meta property=\"og:locale\" content=\"fr_FR\" \/>\n<meta property=\"og:type\" content=\"article\" \/>\n<meta property=\"og:title\" content=\"About - Mint Nguyen\" \/>\n<meta property=\"og:description\" content=\"Hello! I\u2019m Ha Nguyen, a designer who bridges marketing and creativity. I craft visuals that help brands communicate with clarity, consistency, and personality. With a background in marketing communication and graphic design, I create visual materials for marketing campaigns, from physical events to digital contents. I also develop illustration and motion design projects that bring [&hellip;]\" \/>\n<meta property=\"og:url\" content=\"https:\/\/mintnguyen.space\/fr\/about\/\" \/>\n<meta property=\"og:site_name\" content=\"Mint Nguyen\" \/>\n<meta property=\"article:modified_time\" content=\"2025-10-20T08:08:47+00:00\" \/>\n<meta property=\"og:image\" content=\"https:\/\/i0.wp.com\/mintnguyen.space\/wp-content\/uploads\/2025\/10\/Profile-picture-2.jpg?fit=1944%2C1944&ssl=1\" \/>\n\t<meta property=\"og:image:width\" content=\"1944\" \/>\n\t<meta property=\"og:image:height\" content=\"1944\" \/>\n\t<meta property=\"og:image:type\" content=\"image\/jpeg\" \/>\n<meta name=\"twitter:card\" content=\"summary_large_image\" \/>\n<meta name=\"twitter:label1\" content=\"Dur\u00e9e de lecture estim\u00e9e\" \/>\n\t<meta name=\"twitter:data1\" content=\"1 minute\" \/>\n<script type=\"application\/ld+json\" class=\"yoast-schema-graph\">{\"@context\":\"https:\\\/\\\/schema.org\",\"@graph\":[{\"@type\":\"WebPage\",\"@id\":\"https:\\\/\\\/mintnguyen.space\\\/about\\\/\",\"url\":\"https:\\\/\\\/mintnguyen.space\\\/about\\\/\",\"name\":\"About - Mint Nguyen\",\"isPartOf\":{\"@id\":\"https:\\\/\\\/mintnguyen.space\\\/#website\"},\"primaryImageOfPage\":{\"@id\":\"https:\\\/\\\/mintnguyen.space\\\/about\\\/#primaryimage\"},\"image\":{\"@id\":\"https:\\\/\\\/mintnguyen.space\\\/about\\\/#primaryimage\"},\"thumbnailUrl\":\"https:\\\/\\\/i0.wp.com\\\/mintnguyen.space\\\/wp-content\\\/uploads\\\/2025\\\/10\\\/Profile-picture-2.jpg?fit=1944%2C1944&amp;ssl=1\",\"datePublished\":\"2025-10-20T08:08:46+00:00\",\"dateModified\":\"2025-10-20T08:08:47+00:00\",\"breadcrumb\":{\"@id\":\"https:\\\/\\\/mintnguyen.space\\\/about\\\/#breadcrumb\"},\"inLanguage\":\"fr-FR\",\"potentialAction\":[{\"@type\":\"ReadAction\",\"target\":[\"https:\\\/\\\/mintnguyen.space\\\/about\\\/\"]}]},{\"@type\":\"ImageObject\",\"inLanguage\":\"fr-FR\",\"@id\":\"https:\\\/\\\/mintnguyen.space\\\/about\\\/#primaryimage\",\"url\":\"https:\\\/\\\/i0.wp.com\\\/mintnguyen.space\\\/wp-content\\\/uploads\\\/2025\\\/10\\\/Profile-picture-2.jpg?fit=1944%2C1944&amp;ssl=1\",\"contentUrl\":\"https:\\\/\\\/i0.wp.com\\\/mintnguyen.space\\\/wp-content\\\/uploads\\\/2025\\\/10\\\/Profile-picture-2.jpg?fit=1944%2C1944&amp;ssl=1\"},{\"@type\":\"BreadcrumbList\",\"@id\":\"https:\\\/\\\/mintnguyen.space\\\/about\\\/#breadcrumb\",\"itemListElement\":[{\"@type\":\"ListItem\",\"position\":1,\"name\":\"Home\",\"item\":\"https:\\\/\\\/mintnguyen.space\\\/\"},{\"@type\":\"ListItem\",\"position\":2,\"name\":\"About\"}]},{\"@type\":\"WebSite\",\"@id\":\"https:\\\/\\\/mintnguyen.space\\\/#website\",\"url\":\"https:\\\/\\\/mintnguyen.space\\\/\",\"name\":\"Mint Nguyen\",\"description\":\"Freelance illustrator, graphic and motion designer based in Paris\",\"publisher\":{\"@id\":\"https:\\\/\\\/mintnguyen.space\\\/#organization\"},\"potentialAction\":[{\"@type\":\"SearchAction\",\"target\":{\"@type\":\"EntryPoint\",\"urlTemplate\":\"https:\\\/\\\/mintnguyen.space\\\/?s={search_term_string}\"},\"query-input\":{\"@type\":\"PropertyValueSpecification\",\"valueRequired\":true,\"valueName\":\"search_term_string\"}}],\"inLanguage\":\"fr-FR\"},{\"@type\":\"Organization\",\"@id\":\"https:\\\/\\\/mintnguyen.space\\\/#organization\",\"name\":\"Mint Nguyen\",\"url\":\"https:\\\/\\\/mintnguyen.space\\\/\",\"logo\":{\"@type\":\"ImageObject\",\"inLanguage\":\"fr-FR\",\"@id\":\"https:\\\/\\\/mintnguyen.space\\\/#\\\/schema\\\/logo\\\/image\\\/\",\"url\":\"https:\\\/\\\/i0.wp.com\\\/mintnguyen.space\\\/wp-content\\\/uploads\\\/2024\\\/10\\\/mint-nguyen.png?fit=1394%2C284&ssl=1\",\"contentUrl\":\"https:\\\/\\\/i0.wp.com\\\/mintnguyen.space\\\/wp-content\\\/uploads\\\/2024\\\/10\\\/mint-nguyen.png?fit=1394%2C284&ssl=1\",\"width\":1394,\"height\":284,\"caption\":\"Mint Nguyen\"},\"image\":{\"@id\":\"https:\\\/\\\/mintnguyen.space\\\/#\\\/schema\\\/logo\\\/image\\\/\"}}]}<\/script>\n<!-- \/ Yoast SEO plugin. -->","yoast_head_json":{"title":"About - Mint Nguyen","robots":{"index":"index","follow":"follow","max-snippet":"max-snippet:-1","max-image-preview":"max-image-preview:large","max-video-preview":"max-video-preview:-1"},"canonical":"https:\/\/mintnguyen.space\/fr\/about\/","og_locale":"fr_FR","og_type":"article","og_title":"About - Mint Nguyen","og_description":"Hello! I\u2019m Ha Nguyen, a designer who bridges marketing and creativity. I craft visuals that help brands communicate with clarity, consistency, and personality. With a background in marketing communication and graphic design, I create visual materials for marketing campaigns, from physical events to digital contents. I also develop illustration and motion design projects that bring [&hellip;]","og_url":"https:\/\/mintnguyen.space\/fr\/about\/","og_site_name":"Mint Nguyen","article_modified_time":"2025-10-20T08:08:47+00:00","og_image":[{"width":1944,"height":1944,"url":"https:\/\/i0.wp.com\/mintnguyen.space\/wp-content\/uploads\/2025\/10\/Profile-picture-2.jpg?fit=1944%2C1944&ssl=1","type":"image\/jpeg"}],"twitter_card":"summary_large_image","twitter_misc":{"Dur\u00e9e de lecture estim\u00e9e":"1 minute"},"schema":{"@context":"https:\/\/schema.org","@graph":[{"@type":"WebPage","@id":"https:\/\/mintnguyen.space\/about\/","url":"https:\/\/mintnguyen.space\/about\/","name":"About - Mint Nguyen","isPartOf":{"@id":"https:\/\/mintnguyen.space\/#website"},"primaryImageOfPage":{"@id":"https:\/\/mintnguyen.space\/about\/#primaryimage"},"image":{"@id":"https:\/\/mintnguyen.space\/about\/#primaryimage"},"thumbnailUrl":"https:\/\/i0.wp.com\/mintnguyen.space\/wp-content\/uploads\/2025\/10\/Profile-picture-2.jpg?fit=1944%2C1944&amp;ssl=1","datePublished":"2025-10-20T08:08:46+00:00","dateModified":"2025-10-20T08:08:47+00:00","breadcrumb":{"@id":"https:\/\/mintnguyen.space\/about\/#breadcrumb"},"inLanguage":"fr-FR","potentialAction":[{"@type":"ReadAction","target":["https:\/\/mintnguyen.space\/about\/"]}]},{"@type":"ImageObject","inLanguage":"fr-FR","@id":"https:\/\/mintnguyen.space\/about\/#primaryimage","url":"https:\/\/i0.wp.com\/mintnguyen.space\/wp-content\/uploads\/2025\/10\/Profile-picture-2.jpg?fit=1944%2C1944&amp;ssl=1","contentUrl":"https:\/\/i0.wp.com\/mintnguyen.space\/wp-content\/uploads\/2025\/10\/Profile-picture-2.jpg?fit=1944%2C1944&amp;ssl=1"},{"@type":"BreadcrumbList","@id":"https:\/\/mintnguyen.space\/about\/#breadcrumb","itemListElement":[{"@type":"ListItem","position":1,"name":"Home","item":"https:\/\/mintnguyen.space\/"},{"@type":"ListItem","position":2,"name":"About"}]},{"@type":"WebSite","@id":"https:\/\/mintnguyen.space\/#website","url":"https:\/\/mintnguyen.space\/","name":"Mint Nguyen","description":"Illustratrice et motion designer freelance bas\u00e9e en r\u00e9gion parisienne","publisher":{"@id":"https:\/\/mintnguyen.space\/#organization"},"potentialAction":[{"@type":"SearchAction","target":{"@type":"EntryPoint","urlTemplate":"https:\/\/mintnguyen.space\/?s={search_term_string}"},"query-input":{"@type":"PropertyValueSpecification","valueRequired":true,"valueName":"search_term_string"}}],"inLanguage":"fr-FR"},{"@type":"Organization","@id":"https:\/\/mintnguyen.space\/#organization","name":"Mint Nguyen","url":"https:\/\/mintnguyen.space\/","logo":{"@type":"ImageObject","inLanguage":"fr-FR","@id":"https:\/\/mintnguyen.space\/#\/schema\/logo\/image\/","url":"https:\/\/i0.wp.com\/mintnguyen.space\/wp-content\/uploads\/2024\/10\/mint-nguyen.png?fit=1394%2C284&ssl=1","contentUrl":"https:\/\/i0.wp.com\/mintnguyen.space\/wp-content\/uploads\/2024\/10\/mint-nguyen.png?fit=1394%2C284&ssl=1","width":1394,"height":284,"caption":"Mint Nguyen"},"image":{"@id":"https:\/\/mintnguyen.space\/#\/schema\/logo\/image\/"}}]}},"jetpack_sharing_enabled":true,"_links":{"self":[{"href":"https:\/\/mintnguyen.space\/fr\/wp-json\/wp\/v2\/pages\/462","targetHints":{"allow":["GET"]}}],"collection":[{"href":"https:\/\/mintnguyen.space\/fr\/wp-json\/wp\/v2\/pages"}],"about":[{"href":"https:\/\/mintnguyen.space\/fr\/wp-json\/wp\/v2\/types\/page"}],"author":[{"embeddable":true,"href":"https:\/\/mintnguyen.space\/fr\/wp-json\/wp\/v2\/users\/1"}],"replies":[{"embeddable":true,"href":"https:\/\/mintnguyen.space\/fr\/wp-json\/wp\/v2\/comments?post=462"}],"version-history":[{"count":5,"href":"https:\/\/mintnguyen.space\/fr\/wp-json\/wp\/v2\/pages\/462\/revisions"}],"predecessor-version":[{"id":510,"href":"https:\/\/mintnguyen.space\/fr\/wp-json\/wp\/v2\/pages\/462\/revisions\/510"}],"wp:attachment":[{"href":"https:\/\/mintnguyen.space\/fr\/wp-json\/wp\/v2\/media?parent=462"}],"curies":[{"name":"wp","href":"https:\/\/api.w.org\/{rel}","templated":true}]}}